{"id":5707,"date":"2015-02-19T09:48:19","date_gmt":"2015-02-19T09:48:19","guid":{"rendered":"http:\/\/demo2.wpresidence.net\/?page_id=5707"},"modified":"2022-03-20T19:28:43","modified_gmt":"2022-03-20T19:28:43","slug":"contact-us-3","status":"publish","type":"page","link":"https:\/\/realtys.vip\/index.php\/contact-us-3\/","title":{"rendered":"Contact Us"},"content":{"rendered":"\t\t<div data-elementor-type=\"wp-page\" data-elementor-id=\"5707\" class=\"elementor elementor-5707\">\n\t\t\t\t\t\t<section class=\"elementor-section elementor-top-section elementor-element elementor-element-14714b10 elementor-section-boxed elementor-section-height-default elementor-section-height-default\" data-id=\"14714b10\" data-element_type=\"section\" data-e-type=\"section\">\n\t\t\t\t\t\t<div class=\"elementor-container elementor-column-gap-default\">\n\t\t\t\t\t<div class=\"elementor-column elementor-col-100 elementor-top-column elementor-element elementor-element-210606bc\" data-id=\"210606bc\" data-element_type=\"column\" data-e-type=\"column\">\n\t\t\t<div class=\"elementor-widget-wrap elementor-element-populated\">\n\t\t\t\t\t\t<div class=\"elementor-element elementor-element-3f1c99f0 elementor-widget elementor-widget-text-editor\" data-id=\"3f1c99f0\" data-element_type=\"widget\" data-e-type=\"widget\" data-widget_type=\"text-editor.default\">\n\t\t\t\t<div class=\"elementor-widget-container\">\n\t\t\t\t\t\t\t\t\t<p>[vc_row][vc_column][vc_empty_space height=\u00bb30&#8243;][vc_column_text]<\/p><p>Ya sea que est\u00e9 buscando una propiedad en venta en cualquier parte de Honduras o una propiedad en alquiler, Realtys facilita la b\u00fasqueda. Utilice nuestra exclusiva funci\u00f3n de mapeo de geolocalizaci\u00f3n para encontrar su casa o apartamento ideal y comun\u00edquese directamente con los propietarios. Lo ayudaremos a encontrar la casa de sus sue\u00f1os en solo unos segundos.<\/p><p>\u00a0<\/p><p>Ofrecemos a nuestros clientes una gran cantidad de conocimientos sobre todos los aspectos de la compra o venta de una casa. Ya sea para ayudarlo a buscar la casa de sus sue\u00f1os, discutir nuevos desarrollos inmobiliarios en cualquier parte de Honduras o ayudarlo con la venta de su propiedad, nos encantar\u00eda tener la oportunidad de ayudarlo. Por favor, si\u00e9ntase libre de contactarnos con cualquier pregunta.<\/p><p>[\/vc_column_text][\/vc_column][\/vc_row]<\/p>\t\t\t\t\t\t\t\t<\/div>\n\t\t\t\t<\/div>\n\t\t\t\t\t<\/div>\n\t\t<\/div>\n\t\t\t\t\t<\/div>\n\t\t<\/section>\n\t\t\t\t<\/div>\n\t\t","protected":false},"excerpt":{"rendered":"<p>[vc_row][vc_column][vc_empty_space height=\u00bb30&#8243;][vc_column_text] Ya sea que est\u00e9 buscando una propiedad en venta en cualquier parte de Honduras o una propiedad en alquiler, Realtys facilita la b\u00fasqueda. Utilice nuestra exclusiva funci\u00f3n de mapeo de geolocalizaci\u00f3n para encontrar su casa o apartamento ideal y comun\u00edquese directamente con los propietarios. Lo ayudaremos a encontrar la casa de sus sue\u00f1os en solo unos segundos. \u00a0 Ofrecemos a nuestros clientes &#8230;<\/p>\n","protected":false},"author":1,"featured_media":0,"parent":0,"menu_order":0,"comment_status":"open","ping_status":"open","template":"contact_page.php","meta":{"_monsterinsights_skip_tracking":false,"_monsterinsights_sitenote_active":false,"_monsterinsights_sitenote_note":"","_monsterinsights_sitenote_category":0,"footnotes":""},"class_list":["post-5707","page","type-page","status-publish","hentry"],"aioseo_notices":[],"_links":{"self":[{"href":"https:\/\/realtys.vip\/index.php\/wp-json\/wp\/v2\/pages\/5707","targetHints":{"allow":["GET"]}}],"collection":[{"href":"https:\/\/realtys.vip\/index.php\/wp-json\/wp\/v2\/pages"}],"about":[{"href":"https:\/\/realtys.vip\/index.php\/wp-json\/wp\/v2\/types\/page"}],"author":[{"embeddable":true,"href":"https:\/\/realtys.vip\/index.php\/wp-json\/wp\/v2\/users\/1"}],"replies":[{"embeddable":true,"href":"https:\/\/realtys.vip\/index.php\/wp-json\/wp\/v2\/comments?post=5707"}],"version-history":[{"count":6,"href":"https:\/\/realtys.vip\/index.php\/wp-json\/wp\/v2\/pages\/5707\/revisions"}],"predecessor-version":[{"id":18918,"href":"https:\/\/realtys.vip\/index.php\/wp-json\/wp\/v2\/pages\/5707\/revisions\/18918"}],"wp:attachment":[{"href":"https:\/\/realtys.vip\/index.php\/wp-json\/wp\/v2\/media?parent=5707"}],"curies":[{"name":"wp","href":"https:\/\/api.w.org\/{rel}","templated":true}]}}